{"id":680,"date":"2021-03-18T14:37:06","date_gmt":"2021-03-18T07:37:06","guid":{"rendered":"http:\/\/khoaphap.ufl.udn.vn\/?page_id=680"},"modified":"2022-12-17T14:13:24","modified_gmt":"2022-12-17T07:13:24","slug":"thong-tin-giang-vien","status":"publish","type":"page","link":"https:\/\/khoaphap.ufl.udn.vn\/?page_id=680","title":{"rendered":"TH\u00d4NG TIN GI\u1ea2NG VI\u00caN"},"content":{"rendered":"\n<figure id=\"customers\" class=\"wp-block-table is-style-stripes\"><table><tbody><tr><td><strong>STT<\/strong><\/td><td><strong>H\u1ecd v\u00e0 t\u00ean<\/strong><\/td><td><strong>Ch\u1ee9c v\u1ee5<\/strong><\/td><td><strong>CDNN<\/strong><\/td><td><strong>Tr\u00ecnh \u0111\u1ed9&nbsp;<\/strong><\/td><td><\/td><td><strong>L\u00fd l\u1ecbch khoa h\u1ecdc<\/strong><\/td><\/tr><tr><td>1<\/td><td><a href=\"http:\/\/scv.udn.vn\/dkthanh\">\u0110\u1ed7 Kim Th\u00e0nh<\/a>&nbsp;<\/td><td>Tr\u01b0\u1edfng khoa<\/td><td>GVC<\/td><td>TS<\/td><td><\/td><td><\/td><\/tr><tr><td>2<\/td><td><a href=\"http:\/\/scv.udn.vn\/trangntt\">Nguy\u1ec5n Th\u1ecb Thu Trang<\/a>&nbsp;<\/td><td>Ph\u00f3 Tr\u01b0\u1edfng khoa<\/td><td>GVC<\/td><td>TS<\/td><td><\/td><td><\/td><\/tr><tr><td>3<\/td><td><a href=\"http:\/\/scv.udn.vn\/lethingocha\">L\u00ea Th\u1ecb Ng\u1ecdc H\u00e0&nbsp;<\/a><\/td><td>Ph\u00f3 Tr\u01b0\u1edfng khoa<\/td><td>GV<\/td><td>TS<\/td><td><\/td><td><\/td><\/tr><tr><td>4<\/td><td><a href=\"http:\/\/scv.udn.vn\/tramanh\">L\u00ea Th\u1ecb Tr\u00e2m Anh&nbsp;<\/a><\/td><td>Ph\u00f3 TBM Th\u1ef1c h\u00e0nh ti\u1ebfng<\/td><td>GVC<\/td><td>ThS<\/td><td><\/td><td><\/td><\/tr><tr><td>5<\/td><td><a href=\"http:\/\/scv.udn.vn\/tgnthy\">Tr\u1ea7n Gia Nguy\u00ean Thy<\/a>&nbsp;<\/td><td>Ph\u00f3 TBM ti\u1ebfng Ph\u00e1p Chuy\u00ean ng\u00e0nh<\/td><td>GV<\/td><td>ThS<\/td><td><\/td><td><\/td><\/tr><tr><td>6<\/td><td><a href=\"http:\/\/scv.udn.vn\/daothithanhphuong\">\u0110\u00e0o Th\u1ecb Thanh Ph\u01b0\u1ee3ng<\/a><\/td><td>Gi\u1ea3ng vi\u00ean<\/td><td>GVC<\/td><td>TS<\/td><td><\/td><td><\/td><\/tr><tr><td>7<\/td><td><a href=\"http:\/\/scv.udn.vn\/nguyenhuubinh\">Nguy\u1ec5n H\u1eefu B\u00ecnh<\/a><\/td><td>Gi\u1ea3ng vi\u00ean<\/td><td>GVC<\/td><td>TS<\/td><td><\/td><td><\/td><\/tr><tr><td>8<\/td><td><a href=\"http:\/\/scv.udn.vn\/nguyenhuutamthu\">Nguy\u1ec5n H\u1eefu T\u00e2m Thu<\/a><\/td><td>Gi\u1ea3ng vi\u00ean<\/td><td>GVC<\/td><td>ThS<\/td><td><\/td><td><\/td><\/tr><tr><td>9<\/td><td><a href=\"http:\/\/scv.udn.vn\/nguyenthaitrung\">Nguy\u1ec5n Th\u00e1i Trung<\/a><\/td><td>Gi\u1ea3ng vi\u00ean<\/td><td>GV<\/td><td>ThS<\/td><td><\/td><td><\/td><\/tr><tr><td>10<\/td><td><a href=\"http:\/\/scv.udn.vn\/nsphong\">Nguy\u1ec5n S\u1ef9 Phong<\/a><\/td><td>Gi\u1ea3ng vi\u00ean<\/td><td>GV<\/td><td>ThS<\/td><td><\/td><td><\/td><\/tr><tr><td>11<\/td><td><a href=\"http:\/\/scv.udn.vn\/ntthue\">Nguy\u1ec5n Th\u1ecb Thanh Hu\u1ec7&nbsp;<\/a><\/td><td>Th\u01b0 k\u00fd khoa<\/td><td>CV<\/td><td>ThS<\/td><td><\/td><td><\/td><\/tr><tr><td>12<\/td><td>Nguy\u1ec5n Tr\u1ea7n Thu Th\u1ea3o<\/td><td>Gi\u00e1o v\u1ee5 khoa<\/td><td>CV<\/td><td>\u0110H<\/td><td><\/td><td><\/td><\/tr><\/tbody><\/table><\/figure>\n\n\n\n<div class=\"wp-block-themezee-magazine-blocks-columns tz-magazine-block\"><div class=\"tz-magazine-columns\"><div class=\"wp-block-themezee-magazine-blocks-column tz-magazine-block \"><div class=\"tz-magazine-column\"><div class=\"tz-magazine-highlight-post\"><div class=\"tz-post-wrap\"><article id=\"post-1325\" class=\"tz-magazine-post post-1325 post tz-type-post status-publish format-standard has-post-thumbnail hentry category-co-hoi-viec-lam\"><figure class=\"tz-entry-image entry-image\"><a href=\"https:\/\/khoaphap.ufl.udn.vn\/?p=1325\" rel=\"bookmark\"><img loading=\"lazy\" decoding=\"async\" width=\"342\" height=\"156\" src=\"https:\/\/khoaphap.ufl.udn.vn\/wp-content\/uploads\/2023\/02\/TUYEN-DUNG.jpg\" class=\"attachment-full size-full wp-post-image\" alt=\"\" \/><\/a><\/figure><header class=\"tz-entry-header entry-header\"><h2 class=\"tz-entry-title entry-title\"><a href=\"https:\/\/khoaphap.ufl.udn.vn\/?p=1325\" rel=\"bookmark\">TH\u00d4NG B\u00c1O TUY\u1ec2N D\u1ee4NG<\/a><\/h2><div class=\"tz-entry-meta entry-meta\"><span class=\"tz-meta-date meta-date tz-meta-field\"><a href=\"https:\/\/khoaphap.ufl.udn.vn\/?p=1325\" title=\"22:49\" rel=\"bookmark\">21\/02\/2023<\/a><\/span><span class=\"tz-meta-author meta-author tz-meta-field author vcard\"><a class=\"url fn n\" href=\"https:\/\/khoaphap.ufl.udn.vn\/?author=2\" title=\"View all posts by Khoa Ph\u00e1p\" rel=\"author\">Khoa Ph\u00e1p<\/a><\/span><\/div><\/header><div class=\"tz-entry-content entry-content\"><p>CATTIE SL est une soci\u00e9t\u00e9 pr\u00e9sente depuis 29 ans au Vietnam, sp\u00e9cialis\u00e9e dans la production de meubles qui exporte au niveau mondial. Notre soci\u00e9t\u00e9 est <span class=\"tz-excerpt-more\">[&hellip;]<\/span><\/p><p class=\"tz-read-more read-more\"><a href=\"https:\/\/khoaphap.ufl.udn.vn\/?p=1325\" class=\"tz-more-link more-link\" rel=\"bookmark\">Continue Reading<\/a><\/p><\/div><\/article><\/div><\/div><div class=\"tz-magazine-thumbnail-list\"><div class=\"tz-post-wrap\"><article id=\"post-1309\" class=\"tz-magazine-post post-1309 post tz-type-post status-publish format-standard hentry category-dai-hoc\"><div class=\"tz-post-image\"><figure class=\"tz-entry-image entry-image\"><a href=\"https:\/\/khoaphap.ufl.udn.vn\/?p=1309\" rel=\"bookmark\"><img loading=\"lazy\" decoding=\"async\" src=\"https:\/\/khoaphap.ufl.udn.vn\/wp-content\/plugins\/themezee-magazine-blocks\/public\/images\/default-featured-image.png\" class=\"attachment-full size-full wp-post-image\" width=\"1600\" height=\"1200\" alt \/><\/a><\/figure><\/div><div class=\"tz-post-content\"><header class=\"tz-entry-header entry-header\"><h2 class=\"tz-entry-title entry-title\"><a href=\"https:\/\/khoaphap.ufl.udn.vn\/?p=1309\" rel=\"bookmark\">M\u00f4 t\u1ea3 ch\u01b0\u01a1ng tr\u00ecnh \u0111\u00e0o t\u1ea1o n\u0103m 2022<\/a><\/h2><div class=\"tz-entry-meta entry-meta\"><span class=\"tz-meta-date meta-date tz-meta-field\"><a href=\"https:\/\/khoaphap.ufl.udn.vn\/?p=1309\" title=\"21:45\" rel=\"bookmark\">22\/12\/2022<\/a><\/span><span class=\"tz-meta-author meta-author tz-meta-field author vcard\"><a class=\"url fn n\" href=\"https:\/\/khoaphap.ufl.udn.vn\/?author=2\" title=\"View all posts by Khoa Ph\u00e1p\" rel=\"author\">Khoa Ph\u00e1p<\/a><\/span><\/div><\/header><\/div><\/article><\/div><div class=\"tz-post-wrap\"><article id=\"post-1235\" class=\"tz-magazine-post post-1235 post tz-type-post status-publish format-standard has-post-thumbnail hentry category-nghien-cuu-khoa-hoc category-tin-tuc\"><div class=\"tz-post-image\"><figure class=\"tz-entry-image entry-image\"><a href=\"https:\/\/khoaphap.ufl.udn.vn\/?p=1235\" rel=\"bookmark\"><img loading=\"lazy\" decoding=\"async\" width=\"1000\" height=\"674\" src=\"https:\/\/khoaphap.ufl.udn.vn\/wp-content\/uploads\/2022\/12\/Hoi-thao-quoc-gia-2.jpg\" class=\"attachment-full size-full wp-post-image\" alt=\"\" \/><\/a><\/figure><\/div><div class=\"tz-post-content\"><header class=\"tz-entry-header entry-header\"><h2 class=\"tz-entry-title entry-title\"><a href=\"https:\/\/khoaphap.ufl.udn.vn\/?p=1235\" rel=\"bookmark\">H\u1ed9i th\u1ea3o Khoa h\u1ecdc Qu\u1ed1c gia \u201cNh\u1eefng bi\u1ebfn \u0111\u1ed5i trong \u0111\u1eddi s\u1ed1ng kinh t\u1ebf &#8211; ch\u00ednh tr\u1ecb &#8211; v\u0103n ho\u00e1 &#8211; x\u00e3 h\u1ed9i qu\u1ed1c t\u1ebf n\u0103m 2022\u201d<\/a><\/h2><div class=\"tz-entry-meta entry-meta\"><span class=\"tz-meta-date meta-date tz-meta-field\"><a href=\"https:\/\/khoaphap.ufl.udn.vn\/?p=1235\" title=\"14:23\" rel=\"bookmark\">17\/12\/2022<\/a><\/span><span class=\"tz-meta-author meta-author tz-meta-field author vcard\"><a class=\"url fn n\" href=\"https:\/\/khoaphap.ufl.udn.vn\/?author=2\" title=\"View all posts by Khoa Ph\u00e1p\" rel=\"author\">Khoa Ph\u00e1p<\/a><\/span><\/div><\/header><\/div><\/article><\/div><\/div><\/div><\/div>\n\n<div class=\"wp-block-themezee-magazine-blocks-column tz-magazine-block \"><div class=\"tz-magazine-column\"><div class=\"tz-magazine-highlight-post\"><div class=\"tz-post-wrap\"><article id=\"post-1325\" class=\"tz-magazine-post post-1325 post tz-type-post status-publish format-standard has-post-thumbnail hentry category-co-hoi-viec-lam\"><figure class=\"tz-entry-image entry-image\"><a href=\"https:\/\/khoaphap.ufl.udn.vn\/?p=1325\" rel=\"bookmark\"><img loading=\"lazy\" decoding=\"async\" width=\"342\" height=\"156\" src=\"https:\/\/khoaphap.ufl.udn.vn\/wp-content\/uploads\/2023\/02\/TUYEN-DUNG.jpg\" class=\"attachment-full size-full wp-post-image\" alt=\"\" \/><\/a><\/figure><header class=\"tz-entry-header entry-header\"><h2 class=\"tz-entry-title entry-title\"><a href=\"https:\/\/khoaphap.ufl.udn.vn\/?p=1325\" rel=\"bookmark\">TH\u00d4NG B\u00c1O TUY\u1ec2N D\u1ee4NG<\/a><\/h2><div class=\"tz-entry-meta entry-meta\"><span class=\"tz-meta-date meta-date tz-meta-field\"><a href=\"https:\/\/khoaphap.ufl.udn.vn\/?p=1325\" title=\"22:49\" rel=\"bookmark\">21\/02\/2023<\/a><\/span><span class=\"tz-meta-author meta-author tz-meta-field author vcard\"><a class=\"url fn n\" href=\"https:\/\/khoaphap.ufl.udn.vn\/?author=2\" title=\"View all posts by Khoa Ph\u00e1p\" rel=\"author\">Khoa Ph\u00e1p<\/a><\/span><\/div><\/header><div class=\"tz-entry-content entry-content\"><p>CATTIE SL est une soci\u00e9t\u00e9 pr\u00e9sente depuis 29 ans au Vietnam, sp\u00e9cialis\u00e9e dans la production de meubles qui exporte au niveau mondial. Notre soci\u00e9t\u00e9 est <span class=\"tz-excerpt-more\">[&hellip;]<\/span><\/p><p class=\"tz-read-more read-more\"><a href=\"https:\/\/khoaphap.ufl.udn.vn\/?p=1325\" class=\"tz-more-link more-link\" rel=\"bookmark\">Continue Reading<\/a><\/p><\/div><\/article><\/div><\/div><div class=\"tz-magazine-thumbnail-list\"><div class=\"tz-post-wrap\"><article id=\"post-1309\" class=\"tz-magazine-post post-1309 post tz-type-post status-publish format-standard hentry category-dai-hoc\"><div class=\"tz-post-image\"><figure class=\"tz-entry-image entry-image\"><a href=\"https:\/\/khoaphap.ufl.udn.vn\/?p=1309\" rel=\"bookmark\"><img loading=\"lazy\" decoding=\"async\" src=\"https:\/\/khoaphap.ufl.udn.vn\/wp-content\/plugins\/themezee-magazine-blocks\/public\/images\/default-featured-image.png\" class=\"attachment-full size-full wp-post-image\" width=\"1600\" height=\"1200\" alt \/><\/a><\/figure><\/div><div class=\"tz-post-content\"><header class=\"tz-entry-header entry-header\"><h2 class=\"tz-entry-title entry-title\"><a href=\"https:\/\/khoaphap.ufl.udn.vn\/?p=1309\" rel=\"bookmark\">M\u00f4 t\u1ea3 ch\u01b0\u01a1ng tr\u00ecnh \u0111\u00e0o t\u1ea1o n\u0103m 2022<\/a><\/h2><div class=\"tz-entry-meta entry-meta\"><span class=\"tz-meta-date meta-date tz-meta-field\"><a href=\"https:\/\/khoaphap.ufl.udn.vn\/?p=1309\" title=\"21:45\" rel=\"bookmark\">22\/12\/2022<\/a><\/span><span class=\"tz-meta-author meta-author tz-meta-field author vcard\"><a class=\"url fn n\" href=\"https:\/\/khoaphap.ufl.udn.vn\/?author=2\" title=\"View all posts by Khoa Ph\u00e1p\" rel=\"author\">Khoa Ph\u00e1p<\/a><\/span><\/div><\/header><\/div><\/article><\/div><div class=\"tz-post-wrap\"><article id=\"post-1235\" class=\"tz-magazine-post post-1235 post tz-type-post status-publish format-standard has-post-thumbnail hentry category-nghien-cuu-khoa-hoc category-tin-tuc\"><div class=\"tz-post-image\"><figure class=\"tz-entry-image entry-image\"><a href=\"https:\/\/khoaphap.ufl.udn.vn\/?p=1235\" rel=\"bookmark\"><img loading=\"lazy\" decoding=\"async\" width=\"1000\" height=\"674\" src=\"https:\/\/khoaphap.ufl.udn.vn\/wp-content\/uploads\/2022\/12\/Hoi-thao-quoc-gia-2.jpg\" class=\"attachment-full size-full wp-post-image\" alt=\"\" \/><\/a><\/figure><\/div><div class=\"tz-post-content\"><header class=\"tz-entry-header entry-header\"><h2 class=\"tz-entry-title entry-title\"><a href=\"https:\/\/khoaphap.ufl.udn.vn\/?p=1235\" rel=\"bookmark\">H\u1ed9i th\u1ea3o Khoa h\u1ecdc Qu\u1ed1c gia \u201cNh\u1eefng bi\u1ebfn \u0111\u1ed5i trong \u0111\u1eddi s\u1ed1ng kinh t\u1ebf &#8211; ch\u00ednh tr\u1ecb &#8211; v\u0103n ho\u00e1 &#8211; x\u00e3 h\u1ed9i qu\u1ed1c t\u1ebf n\u0103m 2022\u201d<\/a><\/h2><div class=\"tz-entry-meta entry-meta\"><span class=\"tz-meta-date meta-date tz-meta-field\"><a href=\"https:\/\/khoaphap.ufl.udn.vn\/?p=1235\" title=\"14:23\" rel=\"bookmark\">17\/12\/2022<\/a><\/span><span class=\"tz-meta-author meta-author tz-meta-field author vcard\"><a class=\"url fn n\" href=\"https:\/\/khoaphap.ufl.udn.vn\/?author=2\" title=\"View all posts by Khoa Ph\u00e1p\" rel=\"author\">Khoa Ph\u00e1p<\/a><\/span><\/div><\/header><\/div><\/article><\/div><\/div><\/div><\/div><\/div><\/div>\n\n\n\n<p><\/p>\n","protected":false},"excerpt":{"rendered":"<p>STT H\u1ecd v\u00e0 t\u00ean Ch\u1ee9c v\u1ee5 CDNN Tr\u00ecnh \u0111\u1ed9&nbsp; L\u00fd l\u1ecbch khoa h\u1ecdc 1 \u0110\u1ed7 Kim Th\u00e0nh&nbsp; Tr\u01b0\u1edfng khoa GVC TS 2 Nguy\u1ec5n Th\u1ecb Thu Trang&nbsp; Ph\u00f3 Tr\u01b0\u1edfng khoa GVC TS 3 L\u00ea Th\u1ecb Ng\u1ecdc H\u00e0&nbsp; Ph\u00f3 Tr\u01b0\u1edfng khoa GV TS 4 L\u00ea Th\u1ecb Tr\u00e2m Anh&nbsp; Ph\u00f3 TBM Th\u1ef1c h\u00e0nh<\/p>\n","protected":false},"author":1,"featured_media":0,"parent":0,"menu_order":0,"comment_status":"closed","ping_status":"closed","template":"","meta":{"footnotes":""},"_links":{"self":[{"href":"https:\/\/khoaphap.ufl.udn.vn\/index.php?rest_route=\/wp\/v2\/pages\/680"}],"collection":[{"href":"https:\/\/khoaphap.ufl.udn.vn\/index.php?rest_route=\/wp\/v2\/pages"}],"about":[{"href":"https:\/\/khoaphap.ufl.udn.vn\/index.php?rest_route=\/wp\/v2\/types\/page"}],"author":[{"embeddable":true,"href":"https:\/\/khoaphap.ufl.udn.vn\/index.php?rest_route=\/wp\/v2\/users\/1"}],"replies":[{"embeddable":true,"href":"https:\/\/khoaphap.ufl.udn.vn\/index.php?rest_route=%2Fwp%2Fv2%2Fcomments&post=680"}],"version-history":[{"count":16,"href":"https:\/\/khoaphap.ufl.udn.vn\/index.php?rest_route=\/wp\/v2\/pages\/680\/revisions"}],"predecessor-version":[{"id":1234,"href":"https:\/\/khoaphap.ufl.udn.vn\/index.php?rest_route=\/wp\/v2\/pages\/680\/revisions\/1234"}],"wp:attachment":[{"href":"https:\/\/khoaphap.ufl.udn.vn\/index.php?rest_route=%2Fwp%2Fv2%2Fmedia&parent=680"}],"curies":[{"name":"wp","href":"https:\/\/api.w.org\/{rel}","templated":true}]}}