{"id":675,"date":"2021-03-18T14:32:59","date_gmt":"2021-03-18T07:32:59","guid":{"rendered":"http:\/\/khoaphap.ufl.udn.vn\/?page_id=675"},"modified":"2021-03-26T15:58:49","modified_gmt":"2021-03-26T08:58:49","slug":"tong-quan","status":"publish","type":"page","link":"https:\/\/khoaphap.ufl.udn.vn\/?page_id=675","title":{"rendered":"T\u1ed4NG QUAN"},"content":{"rendered":"\n<p><strong>Th\u00f4ng tin li\u00ean h\u1ec7:<\/strong><\/p>\n\n\n\n<p>V\u0103n ph\u00f2ng khoa: T\u1ea7ng 3, Khu hi\u1ec7u b\u1ed9, Tr\u01b0\u1eddng \u0110\u1ea1i h\u1ecdc Ngo\u1ea1i Ng\u1eef, 131 L\u01b0\u01a1ng Nh\u1eef H\u1ed9c, Tp. \u0110\u00e0 N\u1eb5ng<\/p>\n\n\n\n<p>\u0110i\u1ec7n tho\u1ea1i: (+84). 236. 3695676<\/p>\n\n\n\n<p>Email:<strong>fr@ufl.udn.vn<\/strong><\/p>\n\n\n\n<p>Elearning:&nbsp;<a href=\"http:\/\/lms3.ufl.udn.vn\/course\/index.php?categoryid=6\">http:\/\/lms3.ufl.udn.vn\/course\/index.php?categoryid=6<\/a><\/p>\n\n\n\n<p><strong>I. QU\u00c1 TR\u00ccNH PH\u00c1T TRI\u1ec2N<\/strong><\/p>\n\n\n\n<p>Khoa ti\u1ebfng Ph\u00e1p ti\u1ec1n th\u00e2n l\u00e0 Ban ti\u1ebfng Ph\u00e1p, tr\u01b0\u1eddng \u0110\u1ea1i h\u1ecdc S\u01b0 ph\u1ea1m Ngo\u1ea1i ng\u1eef \u0110\u00e0 N\u1eb5ng \u0111\u01b0\u1ee3c th\u00e0nh l\u1eadp n\u0103m 1990. \u0110\u1ebfn n\u0103m 1995, Ban ti\u1ebfng Ph\u00e1p \u0111\u01b0\u1ee3c s\u00e1p nh\u1eadp v\u1edbi ban ti\u1ebfng Trung \u0111\u1ec3 th\u00e0nh l\u1eadp khoa Ph\u00e1p-Trung, Tr\u01b0\u1eddng \u0110\u1ea1i h\u1ecdc S\u01b0 ph\u1ea1m- \u0110\u1ea1i h\u1ecdc \u0110\u00e0 N\u1eb5ng. \u0110\u1ebfn n\u0103m 2003, c\u00f9ng v\u1edbi s\u1ef1 t\u00e1i l\u1eadp c\u1ee7a tr\u01b0\u1eddng \u0110\u1ea1i h\u1ecdc Ngo\u1ea1i ng\u1eef &#8211; \u0110H\u0110N, \u0110\u1ea1i h\u1ecdc \u0110\u00e0 N\u1eb5ng ch\u00ednh th\u1ee9c quy\u1ebft \u0111\u1ecbnh th\u00e0nh l\u1eadp Khoa Ti\u1ebfng Ph\u00e1p tr\u00ean c\u01a1 s\u1edf t\u00e1ch T\u1ed5 ti\u1ebfng Ph\u00e1p c\u1ee7a khoa Ph\u00e1p-Trung th\u00e0nh m\u1ed9t khoa chuy\u00ean m\u00f4n \u0111\u1ed9c l\u1eadp.<\/p>\n\n\n\n<p>Hi\u1ec7n nay Khoa c\u00f3 03 chuy\u00ean ng\u00e0nh \u0111\u00e0o t\u1ea1o : ti\u1ebfng Ph\u00e1p, ti\u1ebfng Ph\u00e1p du l\u1ecbch v\u00e0 ti\u1ebfng Ph\u00e1p truy\u1ec1n th\u00f4ng s\u1ef1 ki\u1ec7n.<\/p>\n\n\n\n<p>S\u1ed1 l\u01b0\u1ee3ng c\u00e1n b\u1ed9 c\u00f4ng ch\u1ee9c trong khoa hi\u1ec7n nay l\u00e0 12 ng\u01b0\u1eddi. Ngo\u00e0i \u0111\u1ed9i ng\u0169 c\u00e1n b\u1ed9 c\u01a1 h\u1eefu, khoa c\u00f2n c\u00f3 c\u00e1c chuy\u00ean gia n\u01b0\u1edbc ngo\u00e0i tham gia gi\u1ea3ng d\u1ea1y t\u1ea1i khoa.<\/p>\n\n\n\n<p><strong>II. \u0110\u00c0O T\u1ea0O&nbsp;<\/strong><\/p>\n\n\n\n<p><strong>1. Nhi\u1ec7m v\u1ee5<\/strong><\/p>\n\n\n\n<p>Nhi\u1ec7m v\u1ee5 ch\u00ednh c\u1ee7a khoa ti\u1ebfng Ph\u00e1p, tr\u01b0\u1eddng \u0110\u1ea1i h\u1ecdc Ngo\u1ea1i Ng\u1eef-\u0110\u1ea1i h\u1ecdc \u0110\u00e0 N\u1eb5ng l\u00e0 \u0111\u00e0o t\u1ea1o c\u1eed nh\u00e2n ti\u1ebfng Ph\u00e1p, c\u1eed nh\u00e2n ti\u1ebfng Ph\u00e1p Du l\u1ecbch h\u1ec7 ch\u00ednh quy, c\u1ee9 nh\u00e2n ti\u1ebfng Ph\u00e1p Truy\u1ec1n th\u00f4ng \u2013 s\u1ef1 ki\u1ec7n, ti\u1ebfng Ph\u00e1p v\u0103n b\u1eb1ng 2, d\u1ea1y ti\u1ebfng Ph\u00e1p ngo\u1ea1i ng\u1eef 2 cho c\u00e1c khoa Ngo\u1ea1i ng\u1eef trong tr\u01b0\u1eddng (Anh, Nga, Trung, Nh\u1eadt&#8230;), c\u00e1c tr\u01b0\u1eddng th\u00e0nh vi\u00ean thu\u1ed9c \u0110\u1ea1i h\u1ecdc \u0110\u00e0 N\u1eb5ng v\u00e0 c\u00e1c l\u1edbp cao h\u1ecdc ng\u00e0nh Ng\u00f4n ng\u1eef Anh, d\u1ea1y ti\u1ebfng Ph\u00e1p ph\u1ed5 th\u00f4ng v\u00e0 ti\u1ebfng Ph\u00e1p chuy\u00ean ng\u00e0nh cho sinh vi\u00ean ch\u01b0\u01a1ng tr\u00ecnh Ch\u1ea5t l\u01b0\u1ee3ng cao (PFIEV) thu\u1ed9c tr\u01b0\u1eddng \u0110\u1ea1i h\u1ecdc B\u00e1ch Khoa. B\u00ean c\u1ea1nh \u0111\u00f3, \u0111\u1ed9i ng\u0169 gi\u1ea3ng vi\u00ean c\u1ee7a khoa l\u00e0 l\u1ef1c l\u01b0\u1ee3ng ch\u1ee7 \u0111\u1ea1o trong c\u00e1c h\u1ed9i \u0111\u1ed3ng thi DELF, DALF qu\u1ed1c t\u1ebf.<\/p>\n\n\n\n<p><strong>2. C\u00e1c chuy\u00ean ng\u00e0nh \u0111\u00e0o t\u1ea1o:<\/strong><\/p>\n\n\n\n<p>&#8211; C\u1eed nh\u00e2n ti\u1ebfng Ph\u00e1p : \u0110\u00e0o t\u1ea1o ra c\u00e1c c\u1eed nh\u00e2n c\u00f3 kh\u1ea3 n\u0103ng l\u00e0m vi\u1ec7c trong nhi\u1ec1u l\u0129nh v\u1ef1c ngh\u1ec1 nghi\u1ec7p kh\u00e1c nhau nh\u01b0 bi\u00ean phi\u00ean d\u1ecbch, c\u00f4ng t\u00e1c v\u0103n ph\u00f2ng t\u1ea1i c\u00e1c c\u00f4ng ty, c\u01a1 quan v\u00e0 c\u00e1c t\u1ed5 ch\u1ee9c x\u00e3 h\u1ed9i c\u00f3 s\u1eed d\u1ee5ng ti\u1ebfng Ph\u00e1p v\u00e0 h\u1ee3p t\u00e1c qu\u1ed1c t\u1ebf.\u00a0<\/p>\n\n\n\n<p>&#8211; C\u1eed nh\u00e2n ti\u1ebfng Ph\u00e1p du l\u1ecbch : \u0110\u00e0o t\u1ea1o ra c\u00e1c c\u1eed nh\u00e2n c\u00f3 kh\u1ea3 n\u0103ng l\u00e0m vi\u1ec7c t\u1ea1i c\u00e1c c\u00f4ng ty du l\u1ecbch, khu du l\u1ecbch, kh\u00e1ch s\u1ea1n, khu ngh\u1ec9 d\u01b0\u1ee1ng cao c\u1ea5p, l\u00e0m h\u01b0\u1edbng d\u1eabn vi\u00ean du l\u1ecbch. Sinh vi\u00ean n\u0103m 3, 4 c\u00f3 nhi\u1ec1u c\u01a1 h\u1ed9i c\u1ecd x\u00e1t th\u1ef1c t\u1ebf : ki\u1ebfn t\u1eadp c\u00e1c tour du l\u1ecbch, th\u1ef1c t\u1eadp t\u1ea1i c\u00e1c c\u00f4ng ty kinh doanh v\u00e0 du l\u1ecbch, kh\u00e1ch s\u1ea1n ho\u1eb7c nh\u00e0 h\u00e0ng.\u00a0T\u1eeb h\u1ecdc k\u00ec 2 n\u0103m th\u1ee9 nh\u1ea5t, sinh vi\u00ean c\u00f3 th\u1ec3 \u0111\u0103ng k\u00ed ch\u01b0\u01a1ng tr\u00ecnh hai t\u1ea1i tr\u01b0\u1eddng ngo\u1ea1i ng\u1eef ho\u1eb7c t\u1ea1i m\u1ed9t tr\u01b0\u1eddng th\u00e0nh vi\u00ean kh\u00e1c thu\u1ed9c \u0110\u1ea1i h\u1ecdc \u0110\u00e0 N\u1eb5ng.<\/p>\n\n\n\n<p>&#8211; C\u1eed nh\u00e2n ti\u1ebfng Ph\u00e1p Truy\u1ec1n th\u00f4ng &#8211; S\u1ef1 ki\u1ec7n : \u0110\u00e0o t\u1ea1o ra c\u00e1c c\u1eed nh\u00e2n c\u00f3 kh\u1ea3 n\u0103ng t\u1ed5 ch\u1ee9c s\u1ef1 ki\u1ec7n, h\u1ed9i ngh\u1ecb, ph\u00e1t ng\u00f4n, thuy\u1ebft tr\u00ecnh, t\u01b0 v\u1ea5n, ho\u1ea1ch \u0111\u1ecbnh c\u00e1c k\u1ebf ho\u1ea1ch qu\u1ea3ng c\u00e1o, d\u1ef1 th\u1ea3o c\u00e1c v\u0103n ki\u1ec7n t\u1ea1i c\u00e1c c\u00f4ng ty, t\u1ed5 ch\u1ee9c trong v\u00e0 ngo\u00e0i n\u01b0\u1edbc. <\/p>\n\n\n\n<p><strong>III. M\u1ee4C TI\u00caU<\/strong><\/p>\n\n\n\n<p>Ch\u01b0\u01a1ng tr\u00ecnh \u0111\u00e0o t\u1ea1o c\u1eed nh\u00e2n ng\u00e0nh ng\u00f4n ng\u1eef Ph\u00e1p nh\u1eb1m gi\u00fap cho ng\u01b0\u1eddi h\u1ecdc l\u0129nh h\u1ed9i ki\u1ebfn th\u1ee9c c\u01a1 b\u1ea3n v\u00e0 chuy\u00ean s\u00e2u v\u1ec1 ng\u00f4n ng\u1eef &#8211; v\u0103n h\u00f3a c\u1ee7a kh\u1ed1i C\u1ed9ng \u0111\u1ed3ng Ph\u00e1p ng\u1eef; c\u00f3 kh\u1ea3 n\u0103ng v\u1eadn d\u1ee5ng v\u00e0o nghi\u00ean c\u1ee9u nh\u1eefng v\u1ea5n \u0111\u1ec1 v\u1ec1 ng\u00f4n ng\u1eef, v\u0103n h\u00f3a, du l\u1ecbch; c\u00f3 k\u1ef9 n\u0103ng th\u1ef1c h\u00e0nh nghi\u1ec7p v\u1ee5 bi\u00ean &#8211; phi\u00ean d\u1ecbch, nghi\u1ec7p v\u1ee5 h\u01b0\u1edbng d\u1eabn v\u00e0 \u0111i\u1ec1u h\u00e0nh du l\u1ecbch; c\u00f3 ph\u1ea9m ch\u1ea5t ch\u00ednh tr\u1ecb, \u0111\u1ea1o \u0111\u1ee9c, t\u00e1c phong, ngh\u1ec1 nghi\u1ec7p, v\u00e0 s\u1ee9c kh\u1ecfe t\u1ed1t \u0111\u1ec3 c\u00f3 th\u1ec3 l\u00e0m vi\u1ec7c c\u00f3 hi\u1ec7u qu\u1ea3 trong c\u00e1c l\u0129nh v\u1ef1c chuy\u00ean m\u00f4n v\u1ec1 ng\u00f4n ng\u1eef, v\u0103n h\u00f3a v\u00e0 du l\u1ecbch \u0111\u00e1p \u1ee9ng \u0111\u01b0\u1ee3c y\u00eau c\u1ea7u c\u1ee7a th\u1ecb tr\u01b0\u1eddng lao \u0111\u1ed9ng c\u00f3 li\u00ean quan \u0111\u1ebfn ti\u1ebfng Ph\u00e1p t\u1ea1i mi\u1ec1n Trung v\u00e0 T\u00e2y Nguy\u00ean.<\/p>\n\n\n\n<p><strong>IV. S\u1ee8 M\u1ea0NG<\/strong><\/p>\n\n\n\n<p>S\u1ee9 m\u1ea1ng c\u1ee7a Khoa ti\u1ebfng Ph\u00e1p \u0111\u00e0o t\u1ea1o ngu\u1ed3n nh\u00e2n l\u1ef1c ti\u1ebfng Ph\u00e1p cho khu v\u1ef1c mi\u1ec1n Trung \u2013 T\u00e2y Nguy\u00ean v\u00e0 c\u1ea3 n\u01b0\u1edbc nh\u1eb1m ph\u1ee5c v\u1ee5 s\u1ef1 nghi\u1ec7p x\u00e2y d\u1ef1ng, ph\u00e1t tri\u1ec3n \u0111\u1ea5t n\u01b0\u1edbc v\u00e0 h\u1ed9i nh\u1eadp qu\u1ed1c t\u1ebf.<\/p>\n\n\n\n<p><strong>V. T\u1ea6M NH\u00ccN<\/strong><\/p>\n\n\n\n<p>\u0110\u1ebfn n\u0103m 2030, Khoa ti\u1ebfng Ph\u00e1p, tr\u01b0\u1eddng \u0110HNN- \u0110H\u0110N, ph\u1ea5n \u0111\u1ea5u tr\u1edf th\u00e0nh m\u1ed9t trong nh\u1eefng \u0111\u01a1n v\u1ecb \u0111\u00e0o t\u1ea1o, nghi\u00ean c\u1ee9u h\u00e0ng \u0111\u1ea7u c\u1ee7a khu v\u1ef1c mi\u1ec1n Trung \u2013 T\u00e2y Nguy\u00ean v\u00e0 tr\u00ean c\u1ea3 n\u01b0\u1edbc trong l\u0129nh v\u1ef1c ng\u00f4n ng\u1eef v\u00e0 v\u0103n h\u00f3a c\u1ed9ng \u0111\u1ed3ng Ph\u00e1p ng\u1eef, c\u00f3 kh\u1ea3 n\u0103ng \u0111\u00f3ng g\u00f3p trong l\u0129nh v\u1ef1c ng\u00f4n ng\u1eef Ph\u00e1p cho kh\u1ed1i Ph\u00e1p ng\u1eef tr\u00ean th\u1ebf gi\u1edbi.<\/p>\n","protected":false},"excerpt":{"rendered":"<p>Th\u00f4ng tin li\u00ean h\u1ec7: V\u0103n ph\u00f2ng khoa: T\u1ea7ng 3, Khu hi\u1ec7u b\u1ed9, Tr\u01b0\u1eddng \u0110\u1ea1i h\u1ecdc Ngo\u1ea1i Ng\u1eef, 131 L\u01b0\u01a1ng Nh\u1eef H\u1ed9c, Tp. \u0110\u00e0 N\u1eb5ng \u0110i\u1ec7n tho\u1ea1i: (+84). 236. 3695676 Email:fr@ufl.udn.vn Elearning:&nbsp;http:\/\/lms3.ufl.udn.vn\/course\/index.php?categoryid=6 I. QU\u00c1 TR\u00ccNH PH\u00c1T TRI\u1ec2N Khoa ti\u1ebfng Ph\u00e1p ti\u1ec1n th\u00e2n l\u00e0 Ban ti\u1ebfng Ph\u00e1p, tr\u01b0\u1eddng \u0110\u1ea1i h\u1ecdc S\u01b0 ph\u1ea1m<\/p>\n","protected":false},"author":1,"featured_media":0,"parent":0,"menu_order":0,"comment_status":"closed","ping_status":"closed","template":"","meta":{"footnotes":""},"_links":{"self":[{"href":"https:\/\/khoaphap.ufl.udn.vn\/index.php?rest_route=\/wp\/v2\/pages\/675"}],"collection":[{"href":"https:\/\/khoaphap.ufl.udn.vn\/index.php?rest_route=\/wp\/v2\/pages"}],"about":[{"href":"https:\/\/khoaphap.ufl.udn.vn\/index.php?rest_route=\/wp\/v2\/types\/page"}],"author":[{"embeddable":true,"href":"https:\/\/khoaphap.ufl.udn.vn\/index.php?rest_route=\/wp\/v2\/users\/1"}],"replies":[{"embeddable":true,"href":"https:\/\/khoaphap.ufl.udn.vn\/index.php?rest_route=%2Fwp%2Fv2%2Fcomments&post=675"}],"version-history":[{"count":4,"href":"https:\/\/khoaphap.ufl.udn.vn\/index.php?rest_route=\/wp\/v2\/pages\/675\/revisions"}],"predecessor-version":[{"id":938,"href":"https:\/\/khoaphap.ufl.udn.vn\/index.php?rest_route=\/wp\/v2\/pages\/675\/revisions\/938"}],"wp:attachment":[{"href":"https:\/\/khoaphap.ufl.udn.vn\/index.php?rest_route=%2Fwp%2Fv2%2Fmedia&parent=675"}],"curies":[{"name":"wp","href":"https:\/\/api.w.org\/{rel}","templated":true}]}}