{"id":421,"date":"2020-10-10T20:19:25","date_gmt":"2020-10-10T13:19:25","guid":{"rendered":"http:\/\/khoaphap.ufl.udn.vn\/?page_id=421"},"modified":"2022-12-22T16:59:22","modified_gmt":"2022-12-22T09:59:22","slug":"abc","status":"publish","type":"page","link":"https:\/\/khoaphap.ufl.udn.vn\/?page_id=421","title":{"rendered":"Li\u00ean h\u00ea\u0323"},"content":{"rendered":"\n<p><strong>Th\u00f4ng tin li\u00ean h\u00ea\u0323<\/strong>:<\/p>\n\n\n\n<p>V\u0103n ph\u00f2ng khoa: T\u1ea7ng 3, Khu hi\u1ec7u b\u1ed9, Tr\u01b0\u1eddng \u0110\u1ea1i h\u1ecdc Ngo\u1ea1i Ng\u1eef, 131 L\u01b0\u01a1ng Nh\u1eef H\u1ed9c, Tp. \u0110\u00e0 N\u1eb5ng<\/p>\n\n\n\n<p>\u0110i\u1ec7n tho\u1ea1i: (+84) 2363695676<\/p>\n\n\n\n<p>Email:  <strong>fr@ufl.udn.vn<\/strong><\/p>\n\n\n\n<p>Elearning:&nbsp;<a href=\"http:\/\/lms3.ufl.udn.vn\/course\/index.php?categoryid=6\">http:\/\/lms3.ufl.udn.vn\/course\/index.php?categoryid=6<\/a><\/p>\n","protected":false},"excerpt":{"rendered":"<p>Th\u00f4ng tin li\u00ean h\u00ea\u0323: V\u0103n ph\u00f2ng khoa: T\u1ea7ng 3, Khu hi\u1ec7u b\u1ed9, Tr\u01b0\u1eddng \u0110\u1ea1i h\u1ecdc Ngo\u1ea1i Ng\u1eef, 131 L\u01b0\u01a1ng Nh\u1eef H\u1ed9c, Tp. \u0110\u00e0 N\u1eb5ng \u0110i\u1ec7n tho\u1ea1i: (+84) 2363695676 Email: fr@ufl.udn.vn Elearning:&nbsp;http:\/\/lms3.ufl.udn.vn\/course\/index.php?categoryid=6<\/p>\n","protected":false},"author":1,"featured_media":0,"parent":0,"menu_order":0,"comment_status":"closed","ping_status":"closed","template":"","meta":{"footnotes":""},"_links":{"self":[{"href":"https:\/\/khoaphap.ufl.udn.vn\/index.php?rest_route=\/wp\/v2\/pages\/421"}],"collection":[{"href":"https:\/\/khoaphap.ufl.udn.vn\/index.php?rest_route=\/wp\/v2\/pages"}],"about":[{"href":"https:\/\/khoaphap.ufl.udn.vn\/index.php?rest_route=\/wp\/v2\/types\/page"}],"author":[{"embeddable":true,"href":"https:\/\/khoaphap.ufl.udn.vn\/index.php?rest_route=\/wp\/v2\/users\/1"}],"replies":[{"embeddable":true,"href":"https:\/\/khoaphap.ufl.udn.vn\/index.php?rest_route=%2Fwp%2Fv2%2Fcomments&post=421"}],"version-history":[{"count":6,"href":"https:\/\/khoaphap.ufl.udn.vn\/index.php?rest_route=\/wp\/v2\/pages\/421\/revisions"}],"predecessor-version":[{"id":1300,"href":"https:\/\/khoaphap.ufl.udn.vn\/index.php?rest_route=\/wp\/v2\/pages\/421\/revisions\/1300"}],"wp:attachment":[{"href":"https:\/\/khoaphap.ufl.udn.vn\/index.php?rest_route=%2Fwp%2Fv2%2Fmedia&parent=421"}],"curies":[{"name":"wp","href":"https:\/\/api.w.org\/{rel}","templated":true}]}}